{"id":5737,"date":"2022-12-06T09:38:13","date_gmt":"2022-12-06T09:38:13","guid":{"rendered":"http:\/\/www.erdoganlargroup.com\/?page_id=5737"},"modified":"2022-12-06T09:41:39","modified_gmt":"2022-12-06T09:41:39","slug":"baskandan-mesaj","status":"publish","type":"page","link":"https:\/\/www.erdoganlargroup.com\/?page_id=5737","title":{"rendered":"Ba\u015fkan&#8217;dan Mesaj"},"content":{"rendered":"\t\t<div data-elementor-type=\"wp-page\" data-elementor-id=\"5737\" class=\"elementor elementor-5737\">\n\t\t\t\t\t\t\t\t\t<section class=\"elementor-section elementor-top-section elementor-element elementor-element-e1dd29d elementor-section-boxed elementor-section-height-default elementor-section-height-default\" data-id=\"e1dd29d\" data-element_type=\"section\">\n\t\t\t\t\t\t<div class=\"elementor-container elementor-column-gap-default\">\n\t\t\t\t\t<div class=\"elementor-column elementor-col-50 elementor-top-column elementor-element elementor-element-72ce8f4\" data-id=\"72ce8f4\" data-element_type=\"column\">\n\t\t\t<div class=\"elementor-widget-wrap elementor-element-populated\">\n\t\t\t\t\t\t\t\t<div class=\"elementor-element elementor-element-a673ea2 elementor-widget elementor-widget-heading\" data-id=\"a673ea2\" data-element_type=\"widget\" data-widget_type=\"heading.default\">\n\t\t\t\t<div class=\"elementor-widget-container\">\n\t\t\t<style>\/*! elementor - v3.8.1 - 13-11-2022 *\/\n.elementor-heading-title{padding:0;margin:0;line-height:1}.elementor-widget-heading .elementor-heading-title[class*=elementor-size-]>a{color:inherit;font-size:inherit;line-height:inherit}.elementor-widget-heading .elementor-heading-title.elementor-size-small{font-size:15px}.elementor-widget-heading .elementor-heading-title.elementor-size-medium{font-size:19px}.elementor-widget-heading .elementor-heading-title.elementor-size-large{font-size:29px}.elementor-widget-heading .elementor-heading-title.elementor-size-xl{font-size:39px}.elementor-widget-heading .elementor-heading-title.elementor-size-xxl{font-size:59px}<\/style><h2 class=\"elementor-heading-title elementor-size-default\">Y\u00f6netim Kurulu Ba\u015fkan\u0131\u2019n\u0131n mesaj\u0131<\/h2>\t\t<\/div>\n\t\t\t\t<\/div>\n\t\t\t\t<div class=\"elementor-element elementor-element-0e6a467 elementor-widget elementor-widget-text-editor\" data-id=\"0e6a467\" data-element_type=\"widget\" data-widget_type=\"text-editor.default\">\n\t\t\t\t<div class=\"elementor-widget-container\">\n\t\t\t<style>\/*! elementor - v3.8.1 - 13-11-2022 *\/\n.elementor-widget-text-editor.elementor-drop-cap-view-stacked .elementor-drop-cap{background-color:#818a91;color:#fff}.elementor-widget-text-editor.elementor-drop-cap-view-framed .elementor-drop-cap{color:#818a91;border:3px solid;background-color:transparent}.elementor-widget-text-editor:not(.elementor-drop-cap-view-default) .elementor-drop-cap{margin-top:8px}.elementor-widget-text-editor:not(.elementor-drop-cap-view-default) .elementor-drop-cap-letter{width:1em;height:1em}.elementor-widget-text-editor .elementor-drop-cap{float:left;text-align:center;line-height:1;font-size:50px}.elementor-widget-text-editor .elementor-drop-cap-letter{display:inline-block}<\/style>\t\t\t\t<p>Ticaret hayat\u0131nda 60 y\u0131l\u0131 ard\u0131nda b\u0131rakm\u0131\u015f biri olarak \u015fu anki Erdo\u011fanlar A.\u015e. \u2018nin y\u00f6netim kurulu ba\u015fkan\u0131 olan ben Kaz\u0131m Erdo\u011fan, bu g\u00fcne nas\u0131l geldi\u011fimizi merak edenlere bir de kendi kalemimden anlatay\u0131m istedim.<\/p>\t\t\t\t\t\t<\/div>\n\t\t\t\t<\/div>\n\t\t\t\t<div class=\"elementor-element elementor-element-fee4d3a elementor-widget elementor-widget-text-editor\" data-id=\"fee4d3a\" data-element_type=\"widget\" data-widget_type=\"text-editor.default\">\n\t\t\t\t<div class=\"elementor-widget-container\">\n\t\t\t\t\t\t\t<p>\u00a0<\/p><p>\u015e\u00f6yle durup arkama bak\u0131nca \u00f6yle \u00e7ok ya\u015fanm\u0131\u015fl\u0131k, \u00f6yle \u00e7ok yol arkada\u015f\u0131, \u00f6yle \u00e7ok \u00e7aba, sitem, sevin\u00e7, h\u00fcz\u00fcn\u2026. G\u00f6r\u00fcyorum ki saymakla da yazmakla da bitmez. Az de\u011fil bir \u00f6m\u00fcr verdik dimdik ayakta durabilmek i\u00e7in, bir \u00f6mr\u00fc verdik bizden sonrakiler i\u00e7in. Bir zamanlar \u00e7\u0131rakt\u0131m ustam\u0131n yan\u0131nda \u015fimdi ise ustal\u0131k yap\u0131yorum \u00e7\u0131raklar\u0131ma su gibi ge\u00e7en zamana \u015fa\u015farak.<\/p><p>\u00c7al\u0131\u015fmaktan y\u0131lmadan ad\u0131m ad\u0131m ilerledik bu yollar\u0131. D\u00f6rt karde\u015f omuz omuza vererek kurduk \u015firketimizi. B\u00fcy\u00fck bir kumard\u0131 asl\u0131nda bizim i\u00e7in, Bey\u015fehir\u2019de kabu\u011funda ya\u015fam\u0131n\u0131 s\u00fcrd\u00fcren devi Antalya\u2019ya ta\u015f\u0131mak. Ya nasip dendi karde\u015fler olur verdi ve \u00e7\u0131k\u0131ld\u0131 d\u00f6n\u00fc\u015f\u00fc olmayan yola. Kolay de\u011fildi korkular y\u00fcreklerimizde d\u00f6rt aile ve t\u00fcm gelecek hesaplar\u0131yla ba\u015fland\u0131 \u00e7al\u0131\u015f\u0131lmaya. Kelimelerle anlat\u0131lmaz, o g\u00fcnleri ya\u015famayan bilemez \u00e7ekti\u011fimiz zorluklar\u0131. Tek bir ama\u00e7 vard\u0131 gelece\u011fe sa\u011flam temiz bir miras b\u0131rakmak. \u0130\u015fte o ilk ad\u0131mdan bu g\u00fcne durmadan dinlenmeden s\u0131rf bu ama\u00e7 i\u00e7in \u00e7al\u0131\u015ft\u0131k. Ne ad\u0131m\u0131za tek bir leke getirdik ne de ba\u015f\u0131m\u0131z\u0131 \u00f6n\u00fcm\u00fcze e\u011fdik. Yaln\u0131z de\u011fildik tabi ki, onlarcas\u0131n\u0131n al\u0131n teri onlarcas\u0131n\u0131n duas\u0131 var bu \u015firkette. Yol arkada\u015flar\u0131m\u0131z var dedim yaz\u0131m\u0131n ba\u015f\u0131nda, bir bak\u0131nca \u015f\u00f6yle arkama h\u00fcz\u00fcn dolar i\u00e7im kimler geldi kimler ge\u00e7ti derim. Kimi gelen gideni aratt\u0131 o zamanda , kimi gelen bizimle ya\u015fland\u0131 bu yolda. \u0130nsan sarraf\u0131 olduk bu s\u00fcre\u00e7te ya\u015faya ya\u015faya \u00f6\u011frendik e\u011fri ile do\u011fruyu. Aza tamah ettik kimi zaman \u00e7o\u011fu hak etmek i\u00e7in. Kimsenin can\u0131n\u0131 yakmad\u0131k can\u0131m\u0131z\u0131 yakanlar\u0131ysa yok sayd\u0131k. Haram\u0131 helali \u00f6\u011freten babam\u0131z sayesinde yeri gelince durmay\u0131 yeri gelince ko\u015fmay\u0131 bildik.<\/p><p>Koca bir okuldur ticaret hayat\u0131 hele de benim gibi 60 y\u0131l gidip gelmi\u015fsen o okula yaz yaz bitmez ya\u015fad\u0131klar\u0131n. Uzun laf\u0131n k\u0131sas\u0131 t\u0131rnakla kaz\u0131ya kaz\u0131ya denir ya i\u015fte \u00f6yle geldik bu g\u00fcne.<\/p><p>\u015eimdi tek dile\u011fim var Allah\u2019tan; isminin ard\u0131nda onca ya\u015fanm\u0131\u015fl\u0131\u011f\u0131, onca ac\u0131y\u0131 bar\u0131nd\u0131ran bu \u015firketin bizden sonra da \u015fimdinin \u00e7\u0131raklar\u0131 \u00e7ocuklar\u0131m\u0131z taraf\u0131ndan nice 60 y\u0131llara ta\u015f\u0131nmas\u0131d\u0131r.<\/p><p>Yolunuz yolumuz her daim a\u00e7\u0131k olsun\u2026.<\/p><p><strong>Kaz\u0131m Erdo\u011fan<\/strong><strong><br \/>Erdo\u011fanlar A.\u015e.<br \/>Y\u00f6netim Kurulu Ba\u015fkan\u0131<\/strong><\/p>\t\t\t\t\t\t<\/div>\n\t\t\t\t<\/div>\n\t\t\t\t\t<\/div>\n\t\t<\/div>\n\t\t\t\t<div class=\"elementor-column elementor-col-50 elementor-top-column elementor-element elementor-element-bef0398\" data-id=\"bef0398\" data-element_type=\"column\">\n\t\t\t<div class=\"elementor-widget-wrap elementor-element-populated\">\n\t\t\t\t\t\t\t\t<div class=\"elementor-element elementor-element-9d5dbbc elementor-widget elementor-widget-image\" data-id=\"9d5dbbc\" data-element_type=\"widget\" data-widget_type=\"image.default\">\n\t\t\t\t<div class=\"elementor-widget-container\">\n\t\t\t<style>\/*! elementor - v3.8.1 - 13-11-2022 *\/\n.elementor-widget-image{text-align:center}.elementor-widget-image a{display:inline-block}.elementor-widget-image a img[src$=\".svg\"]{width:48px}.elementor-widget-image img{vertical-align:middle;display:inline-block}<\/style>\t\t\t\t\t\t\t\t\t\t\t\t<img width=\"964\" height=\"1024\" src=\"https:\/\/www.erdoganlargroup.com\/wp-content\/uploads\/2022\/12\/erd-964x1024.jpg\" class=\"attachment-large size-large\" alt=\"\" loading=\"lazy\" srcset=\"https:\/\/www.erdoganlargroup.com\/wp-content\/uploads\/2022\/12\/erd-964x1024.jpg 964w, https:\/\/www.erdoganlargroup.com\/wp-content\/uploads\/2022\/12\/erd-282x300.jpg 282w, https:\/\/www.erdoganlargroup.com\/wp-content\/uploads\/2022\/12\/erd-768x816.jpg 768w, https:\/\/www.erdoganlargroup.com\/wp-content\/uploads\/2022\/12\/erd-565x600.jpg 565w, https:\/\/www.erdoganlargroup.com\/wp-content\/uploads\/2022\/12\/erd-527x560.jpg 527w, https:\/\/www.erdoganlargroup.com\/wp-content\/uploads\/2022\/12\/erd.jpg 1214w\" sizes=\"(max-width: 964px) 100vw, 964px\" \/>\t\t\t\t\t\t\t\t\t\t\t\t\t\t\t<\/div>\n\t\t\t\t<\/div>\n\t\t\t\t\t<\/div>\n\t\t<\/div>\n\t\t\t\t\t\t\t<\/div>\n\t\t<\/section>\n\t\t\t\t\t\t\t<\/div>\n\t\t","protected":false},"excerpt":{"rendered":"<p>Y\u00f6netim Kurulu Ba\u015fkan\u0131\u2019n\u0131n mesaj\u0131 Ticaret hayat\u0131nda 60 y\u0131l\u0131 ard\u0131nda b\u0131rakm\u0131\u015f biri olarak \u015fu anki Erdo\u011fanlar A.\u015e. \u2018nin y\u00f6netim kurulu ba\u015fkan\u0131 olan ben Kaz\u0131m Erdo\u011fan, bu g\u00fcne nas\u0131l geldi\u011fimizi merak edenlere bir de kendi kalemimden anlatay\u0131m istedim. \u00a0 \u015e\u00f6yle durup arkama bak\u0131nca \u00f6yle \u00e7ok ya\u015fanm\u0131\u015fl\u0131k, \u00f6yle \u00e7ok yol arkada\u015f\u0131, \u00f6yle \u00e7ok \u00e7aba, sitem, sevin\u00e7, h\u00fcz\u00fcn\u2026. G\u00f6r\u00fcyorum [&hellip;]<\/p>\n","protected":false},"author":1,"featured_media":352,"parent":0,"menu_order":0,"comment_status":"closed","ping_status":"closed","template":"elementor_header_footer","meta":[],"_links":{"self":[{"href":"https:\/\/www.erdoganlargroup.com\/index.php?rest_route=\/wp\/v2\/pages\/5737"}],"collection":[{"href":"https:\/\/www.erdoganlargroup.com\/index.php?rest_route=\/wp\/v2\/pages"}],"about":[{"href":"https:\/\/www.erdoganlargroup.com\/index.php?rest_route=\/wp\/v2\/types\/page"}],"author":[{"embeddable":true,"href":"https:\/\/www.erdoganlargroup.com\/index.php?rest_route=\/wp\/v2\/users\/1"}],"replies":[{"embeddable":true,"href":"https:\/\/www.erdoganlargroup.com\/index.php?rest_route=%2Fwp%2Fv2%2Fcomments&post=5737"}],"version-history":[{"count":4,"href":"https:\/\/www.erdoganlargroup.com\/index.php?rest_route=\/wp\/v2\/pages\/5737\/revisions"}],"predecessor-version":[{"id":5741,"href":"https:\/\/www.erdoganlargroup.com\/index.php?rest_route=\/wp\/v2\/pages\/5737\/revisions\/5741"}],"wp:featuredmedia":[{"embeddable":true,"href":"https:\/\/www.erdoganlargroup.com\/index.php?rest_route=\/wp\/v2\/media\/352"}],"wp:attachment":[{"href":"https:\/\/www.erdoganlargroup.com\/index.php?rest_route=%2Fwp%2Fv2%2Fmedia&parent=5737"}],"curies":[{"name":"wp","href":"https:\/\/api.w.org\/{rel}","templated":true}]}}