{"id":823,"date":"2020-08-01T09:09:05","date_gmt":"2020-08-01T09:09:05","guid":{"rendered":"https:\/\/demo.ovatheme.com\/egovt\/?page_id=823"},"modified":"2023-01-17T19:28:23","modified_gmt":"2023-01-17T19:28:23","slug":"page-service","status":"publish","type":"page","link":"https:\/\/www.erdoganlargroup.com\/?page_id=823","title":{"rendered":"Faaliyet Alanlar\u0131"},"content":{"rendered":"\t\t<div data-elementor-type=\"wp-page\" data-elementor-id=\"823\" class=\"elementor elementor-823\">\n\t\t\t\t\t\t\t\t\t<section class=\"elementor-section elementor-top-section elementor-element elementor-element-d3b36c3 elementor-section-boxed elementor-section-height-default elementor-section-height-default\" data-id=\"d3b36c3\" data-element_type=\"section\">\n\t\t\t\t\t\t<div class=\"elementor-container elementor-column-gap-default\">\n\t\t\t\t\t<div class=\"elementor-column elementor-col-100 elementor-top-column elementor-element elementor-element-ab3863c\" data-id=\"ab3863c\" data-element_type=\"column\">\n\t\t\t<div class=\"elementor-widget-wrap elementor-element-populated\">\n\t\t\t\t\t\t\t\t<div class=\"elementor-element elementor-element-8133573 elementor-widget elementor-widget-ova_heading\" data-id=\"8133573\" data-element_type=\"widget\" data-widget_type=\"ova_heading.default\">\n\t\t\t\t<div class=\"elementor-widget-container\">\n\t\t\t\t\t<div class=\"ova-heading\">\n\t\t\t\n\t\t\t\t\t\t\t<h3 class=\"title second_font\">Faaliyet Alanlar\u0131m\u0131z<\/h3>\n\t\t\t\n\t\t\t\n\t\t<\/div>\n\t\t\t\t<\/div>\n\t\t\t\t<\/div>\n\t\t\t\t<div class=\"elementor-element elementor-element-f2183c3 elementor-widget elementor-widget-ova_archive_sev\" data-id=\"f2183c3\" data-element_type=\"widget\" data-widget_type=\"ova_archive_sev.default\">\n\t\t\t\t<div class=\"elementor-widget-container\">\n\t\t\t\n\n<div class=\"ova_archive_sev archive_sev three_column\">\n\t<div class=\"content\">\n\t\t<div class=\"wp-content\">\n\t\t\n\t\t\t<div class=\"items elementor-items\">\n\t\t\t\t<div class=\"wp-items\">\n\t\t\t\t\n\t\t\t\t\t\t\t\t\t<div class=\"icon\">\n\t\t\t\t\t\t<span class=\"fa-solid fa-circle\"><\/span>\n\t\t\t\t\t<\/div>\n\t\t\t\t\t\n\t\t\t\t\t\t\t\t\t\t\t<h3 class=\"title\">\n\t\t\t\t\t\t\t<a class=\"second_font\" href=\"https:\/\/www.erdoganlargroup.com\/?ova_sev=test\">\n\t\t\t\t\t\t\t\tBinek ve A\u011f\u0131r Vas\u0131ta Lastikleri\t\t\t\t\t\t\t<\/a>\n\t\t\t\t\t\t<\/h3>\n\t\t\t\t\t\n\t\t\t\t\t<div class=\"content-sub\">\n\t\t\t\t\t\t\t\t\t\t\t\t<p class=\"excerpt\">\n\t\t\t\t\t\t\t1990 y\u0131l\u0131nda Ko\u00e7 Grubuna ait Fulda Lastik Bayili\u011fi ile farkl\u0131 bir kulvarda da ismini duyurmu\u015ftur.\t\t\t\t\t\t<\/p>\n\t\t\t\t\t\t\t\t\t\t\t\t\n\t\t\t\t\t\t\n\t\t\t\t\t\t<a href=\"https:\/\/www.erdoganlargroup.com\/?ova_sev=test\" class=\"second_font readmore\">\n\t\t\t\t\t\t\tRead More\t\t\t\t\t\t\t<i data-feather=\"arrow-right\"><\/i>\n\t\t\t\t\t\t<\/a>\n\t\t\t\t\t\t\n\t\t\t\t\t<\/div>\n\t\t\t\t\t\t\t\t\t\t<div class=\"icon-hide\">\n\t\t\t\t\t\t<span class=\"fa-solid fa-circle\"><\/span>\n\t\t\t\t\t<\/div>\n\t\t\t\t\t\t\t\t\t<\/div>\n\n\t\t\t<\/div>\n\n\t\t\n\t\t\t<div class=\"items elementor-items\">\n\t\t\t\t<div class=\"wp-items\">\n\t\t\t\t\n\t\t\t\t\t\t\t\t\t<div class=\"icon\">\n\t\t\t\t\t\t<span class=\"fa-solid fa-cube\"><\/span>\n\t\t\t\t\t<\/div>\n\t\t\t\t\t\n\t\t\t\t\t\t\t\t\t\t\t<h3 class=\"title\">\n\t\t\t\t\t\t\t<a class=\"second_font\" href=\"https:\/\/www.erdoganlargroup.com\/?ova_sev=cimento\">\n\t\t\t\t\t\t\t\t\u00c7imento\t\t\t\t\t\t\t<\/a>\n\t\t\t\t\t\t<\/h3>\n\t\t\t\t\t\n\t\t\t\t\t<div class=\"content-sub\">\n\t\t\t\t\t\t\t\t\t\t\t\t<p class=\"excerpt\">\n\t\t\t\t\t\t\t\u015eeref Erdo\u011fan, Kaz\u0131m Erdo\u011fan, Kemal Erdo\u011fan ve Hadi Erdo\u011fan taraf\u0131ndan kurulan \u015firket Antalya\u2019da \u201cKonya \u00c7imento Torbal\u0131 ve Haz\u0131r Beton Akdeniz Distrib\u00fct\u00f6rl\u00fc\u011f\u00fc\u201d ile k\u0131sa s\u00fcrede ismini sekt\u00f6r\u00fcn \u00fcst s\u0131ralar\u0131na ta\u015f\u0131m\u0131\u015ft\u0131r.\t\t\t\t\t\t<\/p>\n\t\t\t\t\t\t\t\t\t\t\t\t\n\t\t\t\t\t\t\n\t\t\t\t\t\t<a href=\"https:\/\/www.erdoganlargroup.com\/?ova_sev=cimento\" class=\"second_font readmore\">\n\t\t\t\t\t\t\tRead More\t\t\t\t\t\t\t<i data-feather=\"arrow-right\"><\/i>\n\t\t\t\t\t\t<\/a>\n\t\t\t\t\t\t\n\t\t\t\t\t<\/div>\n\t\t\t\t\t\t\t\t\t\t<div class=\"icon-hide\">\n\t\t\t\t\t\t<span class=\"fa-solid fa-cube\"><\/span>\n\t\t\t\t\t<\/div>\n\t\t\t\t\t\t\t\t\t<\/div>\n\n\t\t\t<\/div>\n\n\t\t\n\t\t\t<div class=\"items elementor-items\">\n\t\t\t\t<div class=\"wp-items\">\n\t\t\t\t\n\t\t\t\t\t\t\t\t\t<div class=\"icon\">\n\t\t\t\t\t\t<span class=\"fa-solid fa-oil-well\"><\/span>\n\t\t\t\t\t<\/div>\n\t\t\t\t\t\n\t\t\t\t\t\t\t\t\t\t\t<h3 class=\"title\">\n\t\t\t\t\t\t\t<a class=\"second_font\" href=\"https:\/\/www.erdoganlargroup.com\/?ova_sev=toptan-akaryakit\">\n\t\t\t\t\t\t\t\tToptan Akaryak\u0131t\t\t\t\t\t\t\t<\/a>\n\t\t\t\t\t\t<\/h3>\n\t\t\t\t\t\n\t\t\t\t\t<div class=\"content-sub\">\n\t\t\t\t\t\t\t\t\t\t\t\t<p class=\"excerpt\">\n\t\t\t\t\t\t\t2005 y\u0131l\u0131nda toptan, 2009 y\u0131l\u0131na gelindi\u011finde Petrol Ofisi A. \u015e.\u2019nin istasyonlu akaryak\u0131t bayili\u011fini alarak Antalya\/G\u00fcll\u00fck\u2019te faaliyetine ba\u015flam\u0131\u015ft\u0131r.\t\t\t\t\t\t<\/p>\n\t\t\t\t\t\t\t\t\t\t\t\t\n\t\t\t\t\t\t\n\t\t\t\t\t\t<a href=\"https:\/\/www.erdoganlargroup.com\/?ova_sev=toptan-akaryakit\" class=\"second_font readmore\">\n\t\t\t\t\t\t\tRead More\t\t\t\t\t\t\t<i data-feather=\"arrow-right\"><\/i>\n\t\t\t\t\t\t<\/a>\n\t\t\t\t\t\t\n\t\t\t\t\t<\/div>\n\t\t\t\t\t\t\t\t\t\t<div class=\"icon-hide\">\n\t\t\t\t\t\t<span class=\"fa-solid fa-oil-well\"><\/span>\n\t\t\t\t\t<\/div>\n\t\t\t\t\t\t\t\t\t<\/div>\n\n\t\t\t<\/div>\n\n\t\t\n\t\t\t<div class=\"items elementor-items\">\n\t\t\t\t<div class=\"wp-items\">\n\t\t\t\t\n\t\t\t\t\t\t\t\t\t<div class=\"icon\">\n\t\t\t\t\t\t<span class=\"fa-solid fa-drum-steelpan\"><\/span>\n\t\t\t\t\t<\/div>\n\t\t\t\t\t\n\t\t\t\t\t\t\t\t\t\t\t<h3 class=\"title\">\n\t\t\t\t\t\t\t<a class=\"second_font\" href=\"https:\/\/www.erdoganlargroup.com\/?ova_sev=demir\">\n\t\t\t\t\t\t\t\tDemir\t\t\t\t\t\t\t<\/a>\n\t\t\t\t\t\t<\/h3>\n\t\t\t\t\t\n\t\t\t\t\t<div class=\"content-sub\">\n\t\t\t\t\t\t\t\t\t\t\t\t<p class=\"excerpt\">\n\t\t\t\t\t\t\tT\u00fcrkiye\u2019deki t\u00fcm demir fabrikalar\u0131ndan demir ticaretimiz bulunup yine T\u00fcrkiye genelindeki \u015fantiyelere demir tedari\u011fi sa\u011flamaktay\u0131z\t\t\t\t\t\t<\/p>\n\t\t\t\t\t\t\t\t\t\t\t\t\n\t\t\t\t\t\t\n\t\t\t\t\t\t<a href=\"https:\/\/www.erdoganlargroup.com\/?ova_sev=demir\" class=\"second_font readmore\">\n\t\t\t\t\t\t\tRead More\t\t\t\t\t\t\t<i data-feather=\"arrow-right\"><\/i>\n\t\t\t\t\t\t<\/a>\n\t\t\t\t\t\t\n\t\t\t\t\t<\/div>\n\t\t\t\t\t\t\t\t\t\t<div class=\"icon-hide\">\n\t\t\t\t\t\t<span class=\"fa-solid fa-drum-steelpan\"><\/span>\n\t\t\t\t\t<\/div>\n\t\t\t\t\t\t\t\t\t<\/div>\n\n\t\t\t<\/div>\n\n\t\t\n\t\t\t<div class=\"items elementor-items\">\n\t\t\t\t<div class=\"wp-items\">\n\t\t\t\t\n\t\t\t\t\t\t\t\t\t<div class=\"icon\">\n\t\t\t\t\t\t<span class=\"fa-solid fa-trowel-bricks\"><\/span>\n\t\t\t\t\t<\/div>\n\t\t\t\t\t\n\t\t\t\t\t\t\t\t\t\t\t<h3 class=\"title\">\n\t\t\t\t\t\t\t<a class=\"second_font\" href=\"https:\/\/www.erdoganlargroup.com\/?ova_sev=kiremit-ve-tugla\">\n\t\t\t\t\t\t\t\tKiremit ve Tu\u011fla\t\t\t\t\t\t\t<\/a>\n\t\t\t\t\t\t<\/h3>\n\t\t\t\t\t\n\t\t\t\t\t<div class=\"content-sub\">\n\t\t\t\t\t\t\t\t\t\t\t\t<p class=\"excerpt\">\n\t\t\t\t\t\t\tK\u0131l\u0131\u00e7o\u011flu ile olan 40 y\u0131l\u0131 a\u015fk\u0131n ticaretimiz son 20 y\u0131ld\u0131r \u0130\u00e7 Anadolu ve Akdeniz B\u00f6lge Distrib\u00fct\u00f6r\u00fc olarak devam etmektedir Konya, Isparta,Burdur,Antalya ve U\u015fak il ve il\u00e7elerinde y\u0131ll\u0131k 4-5 milyon adet aras\u0131nda kiremit talebini kar\u015f\u0131lamaktay\u0131z.\t\t\t\t\t\t<\/p>\n\t\t\t\t\t\t\t\t\t\t\t\t\n\t\t\t\t\t\t\n\t\t\t\t\t\t<a href=\"https:\/\/www.erdoganlargroup.com\/?ova_sev=kiremit-ve-tugla\" class=\"second_font readmore\">\n\t\t\t\t\t\t\tRead More\t\t\t\t\t\t\t<i data-feather=\"arrow-right\"><\/i>\n\t\t\t\t\t\t<\/a>\n\t\t\t\t\t\t\n\t\t\t\t\t<\/div>\n\t\t\t\t\t\t\t\t\t\t<div class=\"icon-hide\">\n\t\t\t\t\t\t<span class=\"fa-solid fa-trowel-bricks\"><\/span>\n\t\t\t\t\t<\/div>\n\t\t\t\t\t\t\t\t\t<\/div>\n\n\t\t\t<\/div>\n\n\t\t\n\t\t\t<div class=\"items elementor-items\">\n\t\t\t\t<div class=\"wp-items\">\n\t\t\t\t\n\t\t\t\t\t\t\t\t\t<div class=\"icon\">\n\t\t\t\t\t\t<span class=\"fa-solid fa-bars\"><\/span>\n\t\t\t\t\t<\/div>\n\t\t\t\t\t\n\t\t\t\t\t\t\t\t\t\t\t<h3 class=\"title\">\n\t\t\t\t\t\t\t<a class=\"second_font\" href=\"https:\/\/www.erdoganlargroup.com\/?ova_sev=plywood-osb-ve-membran\">\n\t\t\t\t\t\t\t\tPlywood, OSB ve Membran\t\t\t\t\t\t\t<\/a>\n\t\t\t\t\t\t<\/h3>\n\t\t\t\t\t\n\t\t\t\t\t<div class=\"content-sub\">\n\t\t\t\t\t\t\t\t\t\t\t\t<p class=\"excerpt\">\n\t\t\t\t\t\t\t\u015eeref Erdo\u011fan, Kaz\u0131m Erdo\u011fan, SyPly marka Rus men\u015feili \u00fcr\u00fcn\u00fcn T\u00fcrkiye Distrib\u00fct\u00f6r\u00fcy\u00fcz. Hem \u0130zmir,Antalya,Mersin,Samsun ve Trabzon Limanlar\u0131ndan hem de Ankara ve Konya depolar\u0131m\u0131zdan da\u011f\u0131t\u0131m yapmaktay\u0131z. Yerli Plywood markas\u0131 olan COCHA\u2019NIN Akdeniz ve E\u011fe B\u00f6lge Distrib\u00fct\u00f6r\u00fcy\u00fcz\t\t\t\t\t\t<\/p>\n\t\t\t\t\t\t\t\t\t\t\t\t\n\t\t\t\t\t\t\n\t\t\t\t\t\t<a href=\"https:\/\/www.erdoganlargroup.com\/?ova_sev=plywood-osb-ve-membran\" class=\"second_font readmore\">\n\t\t\t\t\t\t\tRead More\t\t\t\t\t\t\t<i data-feather=\"arrow-right\"><\/i>\n\t\t\t\t\t\t<\/a>\n\t\t\t\t\t\t\n\t\t\t\t\t<\/div>\n\t\t\t\t\t\t\t\t\t\t<div class=\"icon-hide\">\n\t\t\t\t\t\t<span class=\"fa-solid fa-bars\"><\/span>\n\t\t\t\t\t<\/div>\n\t\t\t\t\t\t\t\t\t<\/div>\n\n\t\t\t<\/div>\n\n\t\t\n\t\t\t<div class=\"items elementor-items\">\n\t\t\t\t<div class=\"wp-items\">\n\t\t\t\t\n\t\t\t\t\t\t\t\t\t<div class=\"icon\">\n\t\t\t\t\t\t<span class=\"fa-solid fa-truck\"><\/span>\n\t\t\t\t\t<\/div>\n\t\t\t\t\t\n\t\t\t\t\t\t\t\t\t\t\t<h3 class=\"title\">\n\t\t\t\t\t\t\t<a class=\"second_font\" href=\"https:\/\/www.erdoganlargroup.com\/?ova_sev=nakliye\">\n\t\t\t\t\t\t\t\tNakliye\t\t\t\t\t\t\t<\/a>\n\t\t\t\t\t\t<\/h3>\n\t\t\t\t\t\n\t\t\t\t\t<div class=\"content-sub\">\n\t\t\t\t\t\t\t\t\t\t\t\t<p class=\"excerpt\">\n\t\t\t\t\t\t\t130 ara\u00e7l\u0131k nakliye filomuzla in\u015faat Malzemeleri, Otomotiv lastikleri ve Akaryak\u0131t Nakliyesine hizmet vermekteyiz.\t\t\t\t\t\t<\/p>\n\t\t\t\t\t\t\t\t\t\t\t\t\n\t\t\t\t\t\t\n\t\t\t\t\t\t<a href=\"https:\/\/www.erdoganlargroup.com\/?ova_sev=nakliye\" class=\"second_font readmore\">\n\t\t\t\t\t\t\tRead More\t\t\t\t\t\t\t<i data-feather=\"arrow-right\"><\/i>\n\t\t\t\t\t\t<\/a>\n\t\t\t\t\t\t\n\t\t\t\t\t<\/div>\n\t\t\t\t\t\t\t\t\t\t<div class=\"icon-hide\">\n\t\t\t\t\t\t<span class=\"fa-solid fa-truck\"><\/span>\n\t\t\t\t\t<\/div>\n\t\t\t\t\t\t\t\t\t<\/div>\n\n\t\t\t<\/div>\n\n\t\t\n\t\t\t<div class=\"items elementor-items\">\n\t\t\t\t<div class=\"wp-items\">\n\t\t\t\t\n\t\t\t\t\t\t\t\t\t<div class=\"icon\">\n\t\t\t\t\t\t<span class=\"fa-solid fa-industry\"><\/span>\n\t\t\t\t\t<\/div>\n\t\t\t\t\t\n\t\t\t\t\t\t\t\t\t\t\t<h3 class=\"title\">\n\t\t\t\t\t\t\t<a class=\"second_font\" href=\"https:\/\/www.erdoganlargroup.com\/?ova_sev=agrega-tesisi\">\n\t\t\t\t\t\t\t\tAgrega Tesisi\t\t\t\t\t\t\t<\/a>\n\t\t\t\t\t\t<\/h3>\n\t\t\t\t\t\n\t\t\t\t\t<div class=\"content-sub\">\n\t\t\t\t\t\t\t\t\t\t\t\t<p class=\"excerpt\">\n\t\t\t\t\t\t\t2015 Y\u0131l\u0131 itibari ile b\u00fcnyemize Konya-Bey\u015fehir B\u00f6lgesindeki agrega ihtiyac\u0131n\u0131 kar\u015f\u0131lamak amac\u0131yla ta\u015f oca\u011f\u0131n\u0131 a\u00e7t\u0131k\t\t\t\t\t\t<\/p>\n\t\t\t\t\t\t\t\t\t\t\t\t\n\t\t\t\t\t\t\n\t\t\t\t\t\t<a href=\"https:\/\/www.erdoganlargroup.com\/?ova_sev=agrega-tesisi\" class=\"second_font readmore\">\n\t\t\t\t\t\t\tRead More\t\t\t\t\t\t\t<i data-feather=\"arrow-right\"><\/i>\n\t\t\t\t\t\t<\/a>\n\t\t\t\t\t\t\n\t\t\t\t\t<\/div>\n\t\t\t\t\t\t\t\t\t\t<div class=\"icon-hide\">\n\t\t\t\t\t\t<span class=\"fa-solid fa-industry\"><\/span>\n\t\t\t\t\t<\/div>\n\t\t\t\t\t\t\t\t\t<\/div>\n\n\t\t\t<\/div>\n\n\t\t\n\t\t\t<div class=\"items elementor-items\">\n\t\t\t\t<div class=\"wp-items\">\n\t\t\t\t\n\t\t\t\t\t\t\t\t\t<div class=\"icon\">\n\t\t\t\t\t\t<span class=\"fa-solid fa-hotel\"><\/span>\n\t\t\t\t\t<\/div>\n\t\t\t\t\t\n\t\t\t\t\t\t\t\t\t\t\t<h3 class=\"title\">\n\t\t\t\t\t\t\t<a class=\"second_font\" href=\"https:\/\/www.erdoganlargroup.com\/?ova_sev=yoruk-ali-otel-ve-restoran\">\n\t\t\t\t\t\t\t\tY\u00f6r\u00fck Ali Otel ve Restoran\t\t\t\t\t\t\t<\/a>\n\t\t\t\t\t\t<\/h3>\n\t\t\t\t\t\n\t\t\t\t\t<div class=\"content-sub\">\n\t\t\t\t\t\t\t\t\t\t\t\t<p class=\"excerpt\">\n\t\t\t\t\t\t\t2022 y\u0131l\u0131nda memleketimiz ibrad\u0131 ya vefa borcumuz olan konaklama ve restoran yat\u0131r\u0131m\u0131 yapt\u0131k do\u011fa tarih ve huzurlu tatil imkan\u0131 yarat\u0131p istihdam sa\u011flad\u0131k.\t\t\t\t\t\t<\/p>\n\t\t\t\t\t\t\t\t\t\t\t\t\n\t\t\t\t\t\t\n\t\t\t\t\t\t<a href=\"https:\/\/www.erdoganlargroup.com\/?ova_sev=yoruk-ali-otel-ve-restoran\" class=\"second_font readmore\">\n\t\t\t\t\t\t\tRead More\t\t\t\t\t\t\t<i data-feather=\"arrow-right\"><\/i>\n\t\t\t\t\t\t<\/a>\n\t\t\t\t\t\t\n\t\t\t\t\t<\/div>\n\t\t\t\t\t\t\t\t\t\t<div class=\"icon-hide\">\n\t\t\t\t\t\t<span class=\"fa-solid fa-hotel\"><\/span>\n\t\t\t\t\t<\/div>\n\t\t\t\t\t\t\t\t\t<\/div>\n\n\t\t\t<\/div>\n\n\t\t\t\t<\/div>\n\t<\/div>\n\n\n\n<\/div>\n\n\n\t\t<\/div>\n\t\t\t\t<\/div>\n\t\t\t\t\t<\/div>\n\t\t<\/div>\n\t\t\t\t\t\t\t<\/div>\n\t\t<\/section>\n\t\t\t\t\t\t\t<\/div>\n\t\t","protected":false},"excerpt":{"rendered":"<p>Faaliyet Alanlar\u0131m\u0131z Binek ve A\u011f\u0131r Vas\u0131ta Lastikleri 1990 y\u0131l\u0131nda Ko\u00e7 Grubuna ait Fulda Lastik Bayili\u011fi ile farkl\u0131 bir kulvarda da ismini duyurmu\u015ftur. Read More \u00c7imento \u015eeref Erdo\u011fan, Kaz\u0131m Erdo\u011fan, Kemal Erdo\u011fan ve Hadi Erdo\u011fan taraf\u0131ndan kurulan \u015firket Antalya\u2019da \u201cKonya \u00c7imento Torbal\u0131 ve Haz\u0131r Beton Akdeniz Distrib\u00fct\u00f6rl\u00fc\u011f\u00fc\u201d ile k\u0131sa s\u00fcrede ismini sekt\u00f6r\u00fcn \u00fcst s\u0131ralar\u0131na ta\u015f\u0131m\u0131\u015ft\u0131r. Read [&hellip;]<\/p>\n","protected":false},"author":1,"featured_media":859,"parent":0,"menu_order":0,"comment_status":"closed","ping_status":"closed","template":"elementor_header_footer","meta":[],"_links":{"self":[{"href":"https:\/\/www.erdoganlargroup.com\/index.php?rest_route=\/wp\/v2\/pages\/823"}],"collection":[{"href":"https:\/\/www.erdoganlargroup.com\/index.php?rest_route=\/wp\/v2\/pages"}],"about":[{"href":"https:\/\/www.erdoganlargroup.com\/index.php?rest_route=\/wp\/v2\/types\/page"}],"author":[{"embeddable":true,"href":"https:\/\/www.erdoganlargroup.com\/index.php?rest_route=\/wp\/v2\/users\/1"}],"replies":[{"embeddable":true,"href":"https:\/\/www.erdoganlargroup.com\/index.php?rest_route=%2Fwp%2Fv2%2Fcomments&post=823"}],"version-history":[{"count":20,"href":"https:\/\/www.erdoganlargroup.com\/index.php?rest_route=\/wp\/v2\/pages\/823\/revisions"}],"predecessor-version":[{"id":5840,"href":"https:\/\/www.erdoganlargroup.com\/index.php?rest_route=\/wp\/v2\/pages\/823\/revisions\/5840"}],"wp:featuredmedia":[{"embeddable":true,"href":"https:\/\/www.erdoganlargroup.com\/index.php?rest_route=\/wp\/v2\/media\/859"}],"wp:attachment":[{"href":"https:\/\/www.erdoganlargroup.com\/index.php?rest_route=%2Fwp%2Fv2%2Fmedia&parent=823"}],"curies":[{"name":"wp","href":"https:\/\/api.w.org\/{rel}","templated":true}]}}